{"id":53,"date":"2015-07-13T22:13:53","date_gmt":"2015-07-13T20:13:53","guid":{"rendered":"http:\/\/www.rcm-gmbh.de\/?page_id=53"},"modified":"2015-07-13T23:34:29","modified_gmt":"2015-07-13T21:34:29","slug":"workshop-umweltorientiertes-verhalten-im-unternehmen","status":"publish","type":"page","link":"https:\/\/www.rcm-gmbh.de\/?page_id=53","title":{"rendered":"Workshop: Umweltorientiertes Verhalten im Unternehmen"},"content":{"rendered":"<section id=\"builder-section-1436818404962\" class=\"builder-section builder-section-first builder-section-text builder-section-next-text builder-text-columns-1\">\n<div class=\"builder-section-content\">\n<div class=\"builder-text-column builder-text-column-1\" id=\"builder-section-1436818404962-column-1\">\n<div class=\"builder-text-content\">\n<hr class=\"ttfmake-hr\" style=\"border-style: dotted; border-top-width: 2px;\" \/>\n<p><div class=\"printfriendly pf-button  pf-alignright\"><a href=\"https:\/\/www.rcm-gmbh.de\/?page_id=53&amp;pfstyle=wp\" rel=\"nofollow\"  title=\"Printer Friendly, PDF & Email\"><img decoding=\"async\" class=\"pf-button-img\" src=\"https:\/\/cdn.printfriendly.com\/buttons\/print-button-gray.png\" alt=\"Print Friendly, PDF & Email\" style=\"width: 66px;height: 24px;\"  \/><\/a><\/div><span style=\"color: #808080;\"><strong><a style=\"color: #808080;\" href=\"http:\/\/www.rcm-gmbh.de\/?page_id=36\">Leistungen<\/a><\/strong><\/span>\u00a0&gt;<a href=\"http:\/\/rcm-gmbh.de\/?page_id=23\">\u00a0<\/a><a href=\"http:\/\/www.rcm-gmbh.de\/?page_id=53\">Workshop: Umweltorientiertes Verhalten im Unternehmen<\/a><\/p>\n<hr class=\"ttfmake-hr\" style=\"border-style: dotted; border-top-width: 2px;\" \/>\n\t\t\t<\/div>\n<\/p><\/div>\n<\/p><\/div>\n<\/section>\n<section id=\"builder-section-1436821946484\" class=\"builder-section builder-section-prev-text builder-section-text builder-section-last builder-text-columns-1\">\n<div class=\"builder-section-content\">\n<div class=\"builder-text-column builder-text-column-1\" id=\"builder-section-1436821946484-column-1\">\n<div class=\"builder-text-content\">\n<p><strong>Beschreibung:<\/strong><\/p>\n<p>Ziel des Workshops ist die Sensibilisierung und Motivation der Mitarbeiter\/innen im Hinblick auf umweltschonende Verhaltensweisen. Gleichzeitig werden die Teilnehmer\/innen sich selbst Handlungsalternativen erarbeiten, welche ihnen umweltschonendes Verhalten erm\u00f6glichen.<\/p>\n<p>Der Workshop soll als Ideenlieferant f\u00fcr umweltbezogene Zielsetzungen im Unternehmen genutzt werden. Er erm\u00f6glicht die Einbindung aller Mitarbeiter\/innen in bestehende Umweltkonzepte und bietet Hilfestellungen f\u00fcr Umweltzertifizierungen bzw. erweitert das Qualit\u00e4tsmanagement um den Umweltaspekt.<\/p>\n<p><strong>Inhalte:<\/strong><\/p>\n<ul>\n<li>Was bedeuten umweltrelevante Unternehmensziele f\u00fcr den einzelnen Mitarbeiter?<\/li>\n<li>Psychologische Modelle zu umweltrelevantem Verhalten und M\u00f6glichkeiten der Einflussnahme<\/li>\n<li>Erarbeitung von umweltschonenden Handlungsalternativen in den einzelnen Arbeitsbereichen der Mitarbeiter\/innen<\/li>\n<li>Sensibilisierung des Umweltbewusstseins<\/li>\n<\/ul>\n<p><strong>Dauer:<\/strong>\u00a02 Tage<\/p>\n<p><strong>Zielgruppe:<\/strong>\u00a0Alle interessierten Mitarbeiter\/innen eines Unternehmens<\/p>\n<p><strong>Methoden:<\/strong>\u00a0Kurzvortr\u00e4ge, Gruppenarbeit, \u00dcbungen<\/p>\n<\/p><\/div>\n<\/p><\/div>\n<\/p><\/div>\n<\/section>\n","protected":false},"excerpt":{"rendered":"<p>Leistungen\u00a0&gt;\u00a0Workshop: Umweltorientiertes Verhalten im Unternehmen Beschreibung: Ziel des Workshops ist die Sensibilisierung und Motivation der Mitarbeiter\/innen im Hinblick auf umweltschonende Verhaltensweisen. Gleichzeitig werden die Teilnehmer\/innen sich selbst Handlungsalternativen erarbeiten, welche ihnen umweltschonendes Verhalten erm\u00f6glichen. Der Workshop soll als Ideenlieferant f\u00fcr umweltbezogene Zielsetzungen im Unternehmen genutzt werden. Er erm\u00f6glicht die Einbindung aller Mitarbeiter\/innen in bestehende Umweltkonzepte &hellip;<\/p>\n","protected":false},"author":1,"featured_media":0,"parent":36,"menu_order":0,"comment_status":"closed","ping_status":"closed","template":"template-builder.php","meta":{"footnotes":""},"class_list":["post-53","page","type-page","status-publish","hentry"],"_links":{"self":[{"href":"https:\/\/www.rcm-gmbh.de\/index.php?rest_route=\/wp\/v2\/pages\/53"}],"collection":[{"href":"https:\/\/www.rcm-gmbh.de\/index.php?rest_route=\/wp\/v2\/pages"}],"about":[{"href":"https:\/\/www.rcm-gmbh.de\/index.php?rest_route=\/wp\/v2\/types\/page"}],"author":[{"embeddable":true,"href":"https:\/\/www.rcm-gmbh.de\/index.php?rest_route=\/wp\/v2\/users\/1"}],"replies":[{"embeddable":true,"href":"https:\/\/www.rcm-gmbh.de\/index.php?rest_route=%2Fwp%2Fv2%2Fcomments&post=53"}],"version-history":[{"count":4,"href":"https:\/\/www.rcm-gmbh.de\/index.php?rest_route=\/wp\/v2\/pages\/53\/revisions"}],"predecessor-version":[{"id":126,"href":"https:\/\/www.rcm-gmbh.de\/index.php?rest_route=\/wp\/v2\/pages\/53\/revisions\/126"}],"up":[{"embeddable":true,"href":"https:\/\/www.rcm-gmbh.de\/index.php?rest_route=\/wp\/v2\/pages\/36"}],"wp:attachment":[{"href":"https:\/\/www.rcm-gmbh.de\/index.php?rest_route=%2Fwp%2Fv2%2Fmedia&parent=53"}],"curies":[{"name":"wp","href":"https:\/\/api.w.org\/{rel}","templated":true}]}}