{"id":52,"date":"2015-07-13T22:13:15","date_gmt":"2015-07-13T20:13:15","guid":{"rendered":"http:\/\/www.rcm-gmbh.de\/?page_id=52"},"modified":"2015-07-13T23:11:24","modified_gmt":"2015-07-13T21:11:24","slug":"seminar-mitarbeitergespraeche-fuehren","status":"publish","type":"page","link":"https:\/\/www.rcm-gmbh.de\/?page_id=52","title":{"rendered":"Seminar \u201cMitarbeitergespr\u00e4che f\u00fchren&#8220;"},"content":{"rendered":"<section id=\"builder-section-1436818372500\" class=\"builder-section builder-section-first builder-section-text builder-section-next-text builder-text-columns-1\">\n<div class=\"builder-section-content\">\n<div class=\"builder-text-column builder-text-column-1\" id=\"builder-section-1436818372500-column-1\">\n<div class=\"builder-text-content\">\n<hr class=\"ttfmake-hr\" style=\"border-style: dotted; border-top-width: 2px;\" \/>\n<p><div class=\"printfriendly pf-button  pf-alignright\"><a href=\"https:\/\/www.rcm-gmbh.de\/?page_id=52&amp;pfstyle=wp\" rel=\"nofollow\"  title=\"Printer Friendly, PDF & Email\"><img decoding=\"async\" class=\"pf-button-img\" src=\"https:\/\/cdn.printfriendly.com\/buttons\/print-button-gray.png\" alt=\"Print Friendly, PDF & Email\" style=\"width: 66px;height: 24px;\"  \/><\/a><\/div><span style=\"color: #808080;\"><strong><a style=\"color: #808080;\" href=\"http:\/\/www.rcm-gmbh.de\/?page_id=36\">Leistungen<\/a><\/strong><\/span>\u00a0&gt;<a href=\"http:\/\/rcm-gmbh.de\/?page_id=23\">\u00a0<\/a><a href=\"http:\/\/www.rcm-gmbh.de\/?page_id=52\">Seminar &#8222;Mitarbeitergespr\u00e4che f\u00fchren&#8220;<\/a><\/p>\n<hr class=\"ttfmake-hr\" style=\"border-style: dotted; border-top-width: 2px;\" \/>\n\t\t\t<\/div>\n<\/p><\/div>\n<\/p><\/div>\n<\/section>\n<section id=\"builder-section-1436821851707\" class=\"builder-section builder-section-prev-text builder-section-text builder-section-last builder-text-columns-1\">\n<div class=\"builder-section-content\">\n<div class=\"builder-text-column builder-text-column-1\" id=\"builder-section-1436821851707-column-1\">\n<div class=\"builder-text-content\">\n<p><strong>Beschreibung:<\/strong><\/p>\n<p>Mitarbeitergespr\u00e4che geh\u00f6ren zum beruflichen Alltag jeder F\u00fchrungskraft. Um den motivierenden Effekt dieser Gespr\u00e4che nutzen zu k\u00f6nnen, stehen die St\u00e4rken, Chancen, und Entwicklungspotenziale der Mitarbeiter\/innen im Mittelpunkt der Gespr\u00e4chsf\u00fchrung.<\/p>\n<p>Grundlage daf\u00fcr bietet der so genannte \u201eL\u00f6sungsorientierte Ansatz\u201c der Mitarbeiterf\u00fchrung.<\/p>\n<p>Die Idee dieses Ansatzes wird den F\u00fchrungskr\u00e4ften innerhalb des Seminars ebenso nahegebracht, wie die F\u00e4higkeit, in diesem Sinne mit den Mitarbeitern und Mitarbeiterinnen zu kommunizieren. Sie lernen die individuellen F\u00e4higkeiten und pers\u00f6nlichen Entwicklungsm\u00f6glichkeiten der Mitarbeiter zu erkennen und zu nutzen, eigene Erwartungen klar zu kommunizieren und auch mit schwierigen Gespr\u00e4chssituationen umzugehen (Kritikgespr\u00e4ch, Drogenproblem-Gespr\u00e4ch usw.)<\/p>\n<p><strong>Inhalte:<\/strong><\/p>\n<ul>\n<li>Was ist l\u00f6sungsorientierte Mitarbeiterf\u00fchrung? (Kompetenz herbeireden, Kompetenz-Kartei)<\/li>\n<li>Grundlagen der Kommunikation bezogen auf Mitarbeitergespr\u00e4che (Klarheit, Respekt, Freundlichkeit, Konsequenz, Fairness, Ehrlichkeit)<\/li>\n<li>Gespr\u00e4chsf\u00fchrung anhand verschiedener Beispiele und unterschiedlicher Gespr\u00e4chsanl\u00e4sse<\/li>\n<li>Vorbereitung und Durchf\u00fchrung von Mitarbeitergespr\u00e4chen zu verschiedenen Anl\u00e4ssen im Rollenspiel<\/li>\n<\/ul>\n<p><strong>Dauer:<\/strong>\u00a02 Tage<\/p>\n<p><strong>Zielgruppe:<\/strong>\u00a0Alle F\u00fchrungskr\u00e4fte eines Unternehmens, Teilnehmerzahl : 12 (max. 18 bei 2 Trainern)<\/p>\n<p><strong>Methoden:<\/strong>\u00a0Kurzvortr\u00e4ge, Gruppenarbeit, \u00dcbungen, Rollenspiele<\/p>\n<\/p><\/div>\n<\/p><\/div>\n<\/p><\/div>\n<\/section>\n","protected":false},"excerpt":{"rendered":"<p>Leistungen\u00a0&gt;\u00a0Seminar &#8222;Mitarbeitergespr\u00e4che f\u00fchren&#8220; Beschreibung: Mitarbeitergespr\u00e4che geh\u00f6ren zum beruflichen Alltag jeder F\u00fchrungskraft. Um den motivierenden Effekt dieser Gespr\u00e4che nutzen zu k\u00f6nnen, stehen die St\u00e4rken, Chancen, und Entwicklungspotenziale der Mitarbeiter\/innen im Mittelpunkt der Gespr\u00e4chsf\u00fchrung. Grundlage daf\u00fcr bietet der so genannte \u201eL\u00f6sungsorientierte Ansatz\u201c der Mitarbeiterf\u00fchrung. Die Idee dieses Ansatzes wird den F\u00fchrungskr\u00e4ften innerhalb des Seminars ebenso nahegebracht, wie &hellip;<\/p>\n","protected":false},"author":1,"featured_media":0,"parent":36,"menu_order":0,"comment_status":"closed","ping_status":"closed","template":"template-builder.php","meta":{"footnotes":""},"class_list":["post-52","page","type-page","status-publish","hentry"],"_links":{"self":[{"href":"https:\/\/www.rcm-gmbh.de\/index.php?rest_route=\/wp\/v2\/pages\/52"}],"collection":[{"href":"https:\/\/www.rcm-gmbh.de\/index.php?rest_route=\/wp\/v2\/pages"}],"about":[{"href":"https:\/\/www.rcm-gmbh.de\/index.php?rest_route=\/wp\/v2\/types\/page"}],"author":[{"embeddable":true,"href":"https:\/\/www.rcm-gmbh.de\/index.php?rest_route=\/wp\/v2\/users\/1"}],"replies":[{"embeddable":true,"href":"https:\/\/www.rcm-gmbh.de\/index.php?rest_route=%2Fwp%2Fv2%2Fcomments&post=52"}],"version-history":[{"count":3,"href":"https:\/\/www.rcm-gmbh.de\/index.php?rest_route=\/wp\/v2\/pages\/52\/revisions"}],"predecessor-version":[{"id":118,"href":"https:\/\/www.rcm-gmbh.de\/index.php?rest_route=\/wp\/v2\/pages\/52\/revisions\/118"}],"up":[{"embeddable":true,"href":"https:\/\/www.rcm-gmbh.de\/index.php?rest_route=\/wp\/v2\/pages\/36"}],"wp:attachment":[{"href":"https:\/\/www.rcm-gmbh.de\/index.php?rest_route=%2Fwp%2Fv2%2Fmedia&parent=52"}],"curies":[{"name":"wp","href":"https:\/\/api.w.org\/{rel}","templated":true}]}}