{"id":51,"date":"2015-07-13T22:12:16","date_gmt":"2015-07-13T20:12:16","guid":{"rendered":"http:\/\/www.rcm-gmbh.de\/?page_id=51"},"modified":"2015-07-13T23:10:53","modified_gmt":"2015-07-13T21:10:53","slug":"seminar-beschwerdemanagement","status":"publish","type":"page","link":"https:\/\/www.rcm-gmbh.de\/?page_id=51","title":{"rendered":"Seminar \u201cBeschwerdemanagement\u201c"},"content":{"rendered":"<section id=\"builder-section-1436818304604\" class=\"builder-section builder-section-first builder-section-text builder-section-next-text builder-text-columns-1\">\n<div class=\"builder-section-content\">\n<div class=\"builder-text-column builder-text-column-1\" id=\"builder-section-1436818304604-column-1\">\n<div class=\"builder-text-content\">\n<hr class=\"ttfmake-hr\" style=\"border-style: dotted; border-top-width: 2px;\" \/>\n<p><div class=\"printfriendly pf-button  pf-alignright\"><a href=\"https:\/\/www.rcm-gmbh.de\/?page_id=51&amp;pfstyle=wp\" rel=\"nofollow\"  title=\"Printer Friendly, PDF & Email\"><img decoding=\"async\" class=\"pf-button-img\" src=\"https:\/\/cdn.printfriendly.com\/buttons\/print-button-gray.png\" alt=\"Print Friendly, PDF & Email\" style=\"width: 66px;height: 24px;\"  \/><\/a><\/div><span style=\"color: #808080;\"><strong><a style=\"color: #808080;\" href=\"http:\/\/www.rcm-gmbh.de\/?page_id=36\">Leistungen<\/a><\/strong><\/span>\u00a0&gt;<a href=\"http:\/\/rcm-gmbh.de\/?page_id=23\">\u00a0<\/a><a href=\"http:\/\/www.rcm-gmbh.de\/?page_id=51\">Seminar &#8222;Beschwerdemanagement&#8220;<\/a><\/p>\n<hr class=\"ttfmake-hr\" style=\"border-style: dotted; border-top-width: 2px;\" \/>\n\t\t\t<\/div>\n<\/p><\/div>\n<\/p><\/div>\n<\/section>\n<section id=\"builder-section-1436821823407\" class=\"builder-section builder-section-prev-text builder-section-text builder-section-last builder-text-columns-1\">\n<div class=\"builder-section-content\">\n<div class=\"builder-text-column builder-text-column-1\" id=\"builder-section-1436821823407-column-1\">\n<div class=\"builder-text-content\">\n<p><strong>Beschreibung:<\/strong><\/p>\n<p>Ein wesentliches Ziel eines jeden Unternehmens ist eine hohe Kundenbindung. Erfahrungsgem\u00e4\u00df ist es um ein Vielfaches teurer, einen (unzufriedenen) Kunden zur\u00fcckzugewinnen, als einen (zufriedenen) Kunden zu halten. Nichterf\u00fcllung der \u201eKundenw\u00fcnsche\u201c kann aber nicht nur Verlust des jeweiligen Kunden bewirken, sondern hat dar\u00fcber hinaus weitgreifendere Konsequenzen.<\/p>\n<p>Es geht somit darum, Kundenzufriedenheit zu erhalten und Fehler zu vermeiden. Das ist jedoch nicht immer realisierbar. Denn dort, wo Menschen miteinander kommunizieren, sto\u00dfen h\u00e4ufig unterschiedliche Interessen, Meinungen, Sichtweisen aufeinander. Konflikte sind vorprogrammiert. Diese Konflikte gilt es, positiv zu bew\u00e4ltigen.<\/p>\n<p>Dieses Seminar soll einen Einblick und Hilfestellung im positiven Umgang mit Beschwerden geben.<\/p>\n<p><strong>Inhalte :<\/strong><\/p>\n<ul>\n<li>Mit welchen Beschwerdetypen haben wir es zu tun?<\/li>\n<li>Philosophie des Beschwerdemanagements \u2013 Vom Nutzen von Beschwerden\n<ul>\n<li>Merkmale der Kundenzufriedenheit<\/li>\n<\/ul>\n<\/li>\n<li>Umgang mit Beschwerden aus Sicht der Sachbearbeiter und aus Sicht der Kunden<\/li>\n<li>Beschwerde = Konflikt?\n<ul>\n<li>Wie entsteht ein Konflikt?<\/li>\n<li>Wie erkennen wir Konflikte?<\/li>\n<li>Wie l\u00f6sen wir Konflikte?<\/li>\n<li>Wie vermeiden wir Konflikte?<\/li>\n<\/ul>\n<\/li>\n<li>Beschwerde- \/ Reklamationsbehandlung<\/li>\n<\/ul>\n<p><strong>Dauer:<\/strong>\u00a02 Tage<\/p>\n<p><strong>Zielgruppe:<\/strong>\u00a0Sachbearbeiter; Mitarbeiter mit direktem Kundenkontakt (m\u00f6glichst mit mindestens einem Vorgesetzten mit Entscheidungsbefugnis zur Transfersicherung), max. 12 Teilnehmer\/innen<\/p>\n<p><strong>Methoden:<\/strong>\u00a0Kurzvortr\u00e4ge, Gruppenarbeit, \u00dcbungen, Rollenspiele<\/p>\n<\/p><\/div>\n<\/p><\/div>\n<\/p><\/div>\n<\/section>\n","protected":false},"excerpt":{"rendered":"<p>Leistungen\u00a0&gt;\u00a0Seminar &#8222;Beschwerdemanagement&#8220; Beschreibung: Ein wesentliches Ziel eines jeden Unternehmens ist eine hohe Kundenbindung. Erfahrungsgem\u00e4\u00df ist es um ein Vielfaches teurer, einen (unzufriedenen) Kunden zur\u00fcckzugewinnen, als einen (zufriedenen) Kunden zu halten. Nichterf\u00fcllung der \u201eKundenw\u00fcnsche\u201c kann aber nicht nur Verlust des jeweiligen Kunden bewirken, sondern hat dar\u00fcber hinaus weitgreifendere Konsequenzen. Es geht somit darum, Kundenzufriedenheit zu erhalten &hellip;<\/p>\n","protected":false},"author":1,"featured_media":0,"parent":36,"menu_order":0,"comment_status":"closed","ping_status":"closed","template":"template-builder.php","meta":{"footnotes":""},"class_list":["post-51","page","type-page","status-publish","hentry"],"_links":{"self":[{"href":"https:\/\/www.rcm-gmbh.de\/index.php?rest_route=\/wp\/v2\/pages\/51"}],"collection":[{"href":"https:\/\/www.rcm-gmbh.de\/index.php?rest_route=\/wp\/v2\/pages"}],"about":[{"href":"https:\/\/www.rcm-gmbh.de\/index.php?rest_route=\/wp\/v2\/types\/page"}],"author":[{"embeddable":true,"href":"https:\/\/www.rcm-gmbh.de\/index.php?rest_route=\/wp\/v2\/users\/1"}],"replies":[{"embeddable":true,"href":"https:\/\/www.rcm-gmbh.de\/index.php?rest_route=%2Fwp%2Fv2%2Fcomments&post=51"}],"version-history":[{"count":3,"href":"https:\/\/www.rcm-gmbh.de\/index.php?rest_route=\/wp\/v2\/pages\/51\/revisions"}],"predecessor-version":[{"id":117,"href":"https:\/\/www.rcm-gmbh.de\/index.php?rest_route=\/wp\/v2\/pages\/51\/revisions\/117"}],"up":[{"embeddable":true,"href":"https:\/\/www.rcm-gmbh.de\/index.php?rest_route=\/wp\/v2\/pages\/36"}],"wp:attachment":[{"href":"https:\/\/www.rcm-gmbh.de\/index.php?rest_route=%2Fwp%2Fv2%2Fmedia&parent=51"}],"curies":[{"name":"wp","href":"https:\/\/api.w.org\/{rel}","templated":true}]}}