{"id":50,"date":"2015-07-13T22:11:40","date_gmt":"2015-07-13T20:11:40","guid":{"rendered":"http:\/\/www.rcm-gmbh.de\/?page_id=50"},"modified":"2015-07-13T23:09:51","modified_gmt":"2015-07-13T21:09:51","slug":"moderation-von-kleingruppen","status":"publish","type":"page","link":"https:\/\/www.rcm-gmbh.de\/?page_id=50","title":{"rendered":"Moderation von Kleingruppen"},"content":{"rendered":"<section id=\"builder-section-1436821722846\" class=\"builder-section builder-section-first builder-section-text builder-section-next-text builder-text-columns-1\">\n<div class=\"builder-section-content\">\n<div class=\"builder-text-column builder-text-column-1\" id=\"builder-section-1436821722846-column-1\">\n<div class=\"builder-text-content\">\n<hr class=\"ttfmake-hr\" style=\"border-style: dotted; border-top-width: 2px;\" \/>\n<p><div class=\"printfriendly pf-button  pf-alignright\"><a href=\"https:\/\/www.rcm-gmbh.de\/?page_id=50&amp;pfstyle=wp\" rel=\"nofollow\"  title=\"Printer Friendly, PDF & Email\"><img decoding=\"async\" class=\"pf-button-img\" src=\"https:\/\/cdn.printfriendly.com\/buttons\/print-button-gray.png\" alt=\"Print Friendly, PDF & Email\" style=\"width: 66px;height: 24px;\"  \/><\/a><\/div><span style=\"color: #808080;\"><strong><a style=\"color: #808080;\" href=\"http:\/\/www.rcm-gmbh.de\/?page_id=36\">Leistungen<\/a><\/strong><\/span>\u00a0&gt;<a href=\"http:\/\/rcm-gmbh.de\/?page_id=23\">\u00a0<\/a><a href=\"http:\/\/www.rcm-gmbh.de\/?page_id=50\">Moderation von Kleingruppen<\/a><\/p>\n<hr class=\"ttfmake-hr\" style=\"border-style: dotted; border-top-width: 2px;\" \/>\n<p>\u00a0<\/p>\n<\/p><\/div>\n<\/p><\/div>\n<\/p><\/div>\n<\/section>\n<section id=\"builder-section-1436818274261\" class=\"builder-section builder-section-prev-text builder-section-text builder-section-last builder-text-columns-1\">\n<div class=\"builder-section-content\">\n<div class=\"builder-text-column builder-text-column-1\" id=\"builder-section-1436818274261-column-1\">\n<div class=\"builder-text-content\">\n<p><strong>Beschreibung:<\/strong><\/p>\n<p>In den Seminaren werden die Teilnehmer bef\u00e4higt, Kleingruppenarbeit zu planen und zu moderieren.<\/p>\n<p>Schwerpunktm\u00e4\u00dfig wird die ziel- bzw. l\u00f6sungsorientierte Vorgehensweise praktisch einge\u00fcbt. Dabei werden die f\u00fcr das Unternehmen spezifischen Problemstellungen f\u00fcr Kleingruppen als Auswahlkriterium der relevanten Arbeitstechniken gew\u00e4hlt.<\/p>\n<p>Durch den Einsatz von (Video) &#8211; Feedback erhalten die Teilnehmer die M\u00f6glichkeit Selbst- und Fremdbild abzugleichen und ihr Verhalten zu korrigieren.<\/p>\n<p><strong>Inhalte:<\/strong><\/p>\n<ul>\n<li>Arbeitstechniken f\u00fcr Kleingruppen<\/li>\n<li>Motivation von Gruppenmitgliedern<\/li>\n<li>Umgang mit schwierigen Gruppenmitgliedern<\/li>\n<li>Umgang mit technischen Hilfsmitteln<\/li>\n<\/ul>\n<p><strong>Dauer:<\/strong>\u00a02 Tage<\/p>\n<p><strong>Zielgruppe:<\/strong>\u00a0alle Mitarbeiter\/innen eines Unternehmens, die Kleingruppenarbeit leiten, max. 12 Teilnehmer\/innen pro Seminar<\/p>\n<p><strong>Methoden:<\/strong>\u00a0Kurzvortr\u00e4ge, Gruppenarbeit, \u00dcbungen, Rollenspiele<\/p>\n<\/p><\/div>\n<\/p><\/div>\n<\/p><\/div>\n<\/section>\n","protected":false},"excerpt":{"rendered":"<p>Leistungen\u00a0&gt;\u00a0Moderation von Kleingruppen \u00a0 Beschreibung: In den Seminaren werden die Teilnehmer bef\u00e4higt, Kleingruppenarbeit zu planen und zu moderieren. Schwerpunktm\u00e4\u00dfig wird die ziel- bzw. l\u00f6sungsorientierte Vorgehensweise praktisch einge\u00fcbt. Dabei werden die f\u00fcr das Unternehmen spezifischen Problemstellungen f\u00fcr Kleingruppen als Auswahlkriterium der relevanten Arbeitstechniken gew\u00e4hlt. Durch den Einsatz von (Video) &#8211; Feedback erhalten die Teilnehmer die M\u00f6glichkeit &hellip;<\/p>\n","protected":false},"author":1,"featured_media":0,"parent":36,"menu_order":0,"comment_status":"closed","ping_status":"closed","template":"template-builder.php","meta":{"footnotes":""},"class_list":["post-50","page","type-page","status-publish","hentry"],"_links":{"self":[{"href":"https:\/\/www.rcm-gmbh.de\/index.php?rest_route=\/wp\/v2\/pages\/50"}],"collection":[{"href":"https:\/\/www.rcm-gmbh.de\/index.php?rest_route=\/wp\/v2\/pages"}],"about":[{"href":"https:\/\/www.rcm-gmbh.de\/index.php?rest_route=\/wp\/v2\/types\/page"}],"author":[{"embeddable":true,"href":"https:\/\/www.rcm-gmbh.de\/index.php?rest_route=\/wp\/v2\/users\/1"}],"replies":[{"embeddable":true,"href":"https:\/\/www.rcm-gmbh.de\/index.php?rest_route=%2Fwp%2Fv2%2Fcomments&post=50"}],"version-history":[{"count":3,"href":"https:\/\/www.rcm-gmbh.de\/index.php?rest_route=\/wp\/v2\/pages\/50\/revisions"}],"predecessor-version":[{"id":115,"href":"https:\/\/www.rcm-gmbh.de\/index.php?rest_route=\/wp\/v2\/pages\/50\/revisions\/115"}],"up":[{"embeddable":true,"href":"https:\/\/www.rcm-gmbh.de\/index.php?rest_route=\/wp\/v2\/pages\/36"}],"wp:attachment":[{"href":"https:\/\/www.rcm-gmbh.de\/index.php?rest_route=%2Fwp%2Fv2%2Fmedia&parent=50"}],"curies":[{"name":"wp","href":"https:\/\/api.w.org\/{rel}","templated":true}]}}