{"id":49,"date":"2015-07-13T22:11:13","date_gmt":"2015-07-13T20:11:13","guid":{"rendered":"http:\/\/www.rcm-gmbh.de\/?page_id=49"},"modified":"2015-07-13T23:11:53","modified_gmt":"2015-07-13T21:11:53","slug":"seminar-fuehren-mit-zielen","status":"publish","type":"page","link":"https:\/\/www.rcm-gmbh.de\/?page_id=49","title":{"rendered":"Seminar \u201eF\u00fchren mit Zielen\u201c"},"content":{"rendered":"<section id=\"builder-section-1436818242952\" class=\"builder-section builder-section-first builder-section-text builder-section-next-text builder-text-columns-1\">\n<div class=\"builder-section-content\">\n<div class=\"builder-text-column builder-text-column-1\" id=\"builder-section-1436818242952-column-1\">\n<div class=\"builder-text-content\">\n<hr class=\"ttfmake-hr\" style=\"border-style: dotted; border-top-width: 2px;\" \/>\n<p><div class=\"printfriendly pf-button  pf-alignright\"><a href=\"https:\/\/www.rcm-gmbh.de\/?page_id=49&amp;pfstyle=wp\" rel=\"nofollow\"  title=\"Printer Friendly, PDF & Email\"><img decoding=\"async\" class=\"pf-button-img\" src=\"https:\/\/cdn.printfriendly.com\/buttons\/print-button-gray.png\" alt=\"Print Friendly, PDF & Email\" style=\"width: 66px;height: 24px;\"  \/><\/a><\/div><span style=\"color: #808080;\"><strong><a style=\"color: #808080;\" href=\"http:\/\/www.rcm-gmbh.de\/?page_id=36\">Leistungen<\/a><\/strong><\/span>\u00a0&gt;<a href=\"http:\/\/rcm-gmbh.de\/?page_id=23\">\u00a0<\/a><a href=\"http:\/\/www.rcm-gmbh.de\/?page_id=49\">Seminar &#8222;F\u00fchren mit Zielen&#8220;<\/a><\/p>\n<hr class=\"ttfmake-hr\" style=\"border-style: dotted; border-top-width: 2px;\" \/>\n\t\t\t<\/div>\n<\/p><\/div>\n<\/p><\/div>\n<\/section>\n<section id=\"builder-section-1436821881134\" class=\"builder-section builder-section-prev-text builder-section-text builder-section-last builder-text-columns-1\">\n<div class=\"builder-section-content\">\n<div class=\"builder-text-column builder-text-column-1\" id=\"builder-section-1436821881134-column-1\">\n<div class=\"builder-text-content\">\n<p><strong>Beschreibung:<\/strong><\/p>\n<p>Die Teilnehmer verf\u00fcgen nach Abschlusses des Trainings \u00fcber die Voraussetzung um Ziele und Leistungsstandards mit ihren Mitarbeitern so pr\u00e4zise zu formulieren, dass dadurch Selbst- und Fremdkontrolle m\u00f6glich werden.<\/p>\n<p>Sie sind in der Lage Ziele und Leistungsstandards f\u00fcr sich selbst und mit den Mitarbeitern zu erarbeiten.<\/p>\n<p>Zielvereinbarungsgespr\u00e4che motivierend zu f\u00fchren wird ebenso einge\u00fcbt wie Zielkonflikte zu erkennen, zu analysieren und durch konkrete Formulierung der Ziele nicht zuzulassen.<\/p>\n<p><strong>Inhalte\/ Ablauf Seminar:<\/strong><\/p>\n<p>Mitarbeiterf\u00fchrung und Zielvereinbarung<\/p>\n<p>Das System F\u00fchren mit Zielen (Situations-, aufgaben- und mitarbeiterorientiertes F\u00fchren)<\/p>\n<p>Vereinbaren von Zielen<\/p>\n<p>Rahmenbedingungen f\u00fcr die erfolgreiche Umsetzung von Zielvereinbarungen<\/p>\n<p>Durchf\u00fchrung von Zielvereinbarungsgespr\u00e4chen<\/p>\n<p>Dokumentation der Gespr\u00e4chsvereinbarung<\/p>\n<p>Erfolgreiche Zielkontrolle<\/p>\n<p>Erkennen und L\u00f6sen von Zielkonflikten<\/p>\n<p><strong>Dauer:<\/strong>\u00a02 Tage<\/p>\n<p><strong>Zielgruppe:<\/strong>\u00a0Alle Mitarbeiter\/innen mit F\u00fchrungsverantwortung, max. 12 Teilnehmer\/innen pro Termin<\/p>\n<p><strong>Methoden:<\/strong>\u00a0Kurzvortr\u00e4ge, Einzelarbeit, Gruppenarbeit, \u00dcbungen, Rollenspiele<\/p>\n<\/p><\/div>\n<\/p><\/div>\n<\/p><\/div>\n<\/section>\n","protected":false},"excerpt":{"rendered":"<p>Leistungen\u00a0&gt;\u00a0Seminar &#8222;F\u00fchren mit Zielen&#8220; Beschreibung: Die Teilnehmer verf\u00fcgen nach Abschlusses des Trainings \u00fcber die Voraussetzung um Ziele und Leistungsstandards mit ihren Mitarbeitern so pr\u00e4zise zu formulieren, dass dadurch Selbst- und Fremdkontrolle m\u00f6glich werden. Sie sind in der Lage Ziele und Leistungsstandards f\u00fcr sich selbst und mit den Mitarbeitern zu erarbeiten. Zielvereinbarungsgespr\u00e4che motivierend zu f\u00fchren wird &hellip;<\/p>\n","protected":false},"author":1,"featured_media":0,"parent":36,"menu_order":0,"comment_status":"closed","ping_status":"closed","template":"template-builder.php","meta":{"footnotes":""},"class_list":["post-49","page","type-page","status-publish","hentry"],"_links":{"self":[{"href":"https:\/\/www.rcm-gmbh.de\/index.php?rest_route=\/wp\/v2\/pages\/49"}],"collection":[{"href":"https:\/\/www.rcm-gmbh.de\/index.php?rest_route=\/wp\/v2\/pages"}],"about":[{"href":"https:\/\/www.rcm-gmbh.de\/index.php?rest_route=\/wp\/v2\/types\/page"}],"author":[{"embeddable":true,"href":"https:\/\/www.rcm-gmbh.de\/index.php?rest_route=\/wp\/v2\/users\/1"}],"replies":[{"embeddable":true,"href":"https:\/\/www.rcm-gmbh.de\/index.php?rest_route=%2Fwp%2Fv2%2Fcomments&post=49"}],"version-history":[{"count":3,"href":"https:\/\/www.rcm-gmbh.de\/index.php?rest_route=\/wp\/v2\/pages\/49\/revisions"}],"predecessor-version":[{"id":119,"href":"https:\/\/www.rcm-gmbh.de\/index.php?rest_route=\/wp\/v2\/pages\/49\/revisions\/119"}],"up":[{"embeddable":true,"href":"https:\/\/www.rcm-gmbh.de\/index.php?rest_route=\/wp\/v2\/pages\/36"}],"wp:attachment":[{"href":"https:\/\/www.rcm-gmbh.de\/index.php?rest_route=%2Fwp%2Fv2%2Fmedia&parent=49"}],"curies":[{"name":"wp","href":"https:\/\/api.w.org\/{rel}","templated":true}]}}