{"id":47,"date":"2015-07-13T22:09:56","date_gmt":"2015-07-13T20:09:56","guid":{"rendered":"http:\/\/www.rcm-gmbh.de\/?page_id=47"},"modified":"2015-07-13T23:12:26","modified_gmt":"2015-07-13T21:12:26","slug":"steuerung-von-meetings-in-der-arbeitswelt","status":"publish","type":"page","link":"https:\/\/www.rcm-gmbh.de\/?page_id=47","title":{"rendered":"Steuerung von Meetings in der Arbeitswelt"},"content":{"rendered":"<section id=\"builder-section-1436818171266\" class=\"builder-section builder-section-first builder-section-text builder-section-next-text builder-text-columns-1\">\n<div class=\"builder-section-content\">\n<div class=\"builder-text-column builder-text-column-1\" id=\"builder-section-1436818171266-column-1\">\n<div class=\"builder-text-content\">\n<hr class=\"ttfmake-hr\" style=\"border-style: dotted; border-top-width: 2px;\" \/>\n<p><div class=\"printfriendly pf-button  pf-alignright\"><a href=\"https:\/\/www.rcm-gmbh.de\/?page_id=47&amp;pfstyle=wp\" rel=\"nofollow\"  title=\"Printer Friendly, PDF & Email\"><img decoding=\"async\" class=\"pf-button-img\" src=\"https:\/\/cdn.printfriendly.com\/buttons\/print-button-gray.png\" alt=\"Print Friendly, PDF & Email\" style=\"width: 66px;height: 24px;\"  \/><\/a><\/div><span style=\"color: #808080;\"><strong><a style=\"color: #808080;\" href=\"http:\/\/www.rcm-gmbh.de\/?page_id=36\">Leistungen<\/a><\/strong><\/span>\u00a0&gt;<a href=\"http:\/\/rcm-gmbh.de\/?page_id=23\">\u00a0<\/a><a href=\"http:\/\/www.rcm-gmbh.de\/?page_id=47\">Steuerung von Meetings in der Arbeitswelt<\/a><\/p>\n<hr class=\"ttfmake-hr\" style=\"border-style: dotted; border-top-width: 2px;\" \/>\n\t\t\t<\/div>\n<\/p><\/div>\n<\/p><\/div>\n<\/section>\n<section id=\"builder-section-1436821916091\" class=\"builder-section builder-section-prev-text builder-section-text builder-section-last builder-text-columns-1\">\n<div class=\"builder-section-content\">\n<div class=\"builder-text-column builder-text-column-1\" id=\"builder-section-1436821916091-column-1\">\n<div class=\"builder-text-content\">\n<p><strong>Beschreibung:<\/strong><\/p>\n<p>In dem Seminar wird die kommunikative Kompetenz der Teilnehmer\/innen geschult, sowohl f\u00fcr die Leitung unterschiedlicher Arbeitsmeetings (Sitzungen, Team-besprechungen, Pr\u00e4sentationen etc.), als auch f\u00fcr die effektive Teilnahme an diesen Meetings.<\/p>\n<p>Schwerpunktm\u00e4\u00dfig wird die ziel- bzw. l\u00f6sungsorientierte Vorgehensweise praktisch einge\u00fcbt. Dabei werden spezifische Problemstellungen f\u00fcr die Arbeitswelt beispielhaft durchgearbeitet.<\/p>\n<p>Durch den Einsatz von (Video) &#8211; Feedback erhalten die Teilnehmer die M\u00f6glichkeit Selbst- und Fremdbild abzugleichen und ihr Verhalten zu korrigieren.<\/p>\n<p><strong>Inhalte eines Trainings:<\/strong><\/p>\n<p>Vorbereitung einer Sitzung \/ Teambesprechung \/ Meetings<\/p>\n<p>\u00dcberzeugende Argumentation in Diskussionen<\/p>\n<p>Schlagfertiges Kontern<\/p>\n<p>Behandlung von Einw\u00e4nden<\/p>\n<p>Motivation von Gruppenmitgliedern<\/p>\n<p>Umgang mit technischen Hilfsmitteln<\/p>\n<p><strong>Dauer:<\/strong>\u00a02 Tage<\/p>\n<p><strong>Zielgruppe:<\/strong>\u00a0alle Mitarbeiter\/innen mit Praxiserfahrung, max. 15 Teilnehmer\/innen pro Seminar<\/p>\n<p><strong>Methoden:<\/strong>\u00a0Kurzvortr\u00e4ge, Einzelarbeit, Gruppenarbeit, \u00dcbungen, Rollenspiele<\/p>\n<\/p><\/div>\n<\/p><\/div>\n<\/p><\/div>\n<\/section>\n","protected":false},"excerpt":{"rendered":"<p>Leistungen\u00a0&gt;\u00a0Steuerung von Meetings in der Arbeitswelt Beschreibung: In dem Seminar wird die kommunikative Kompetenz der Teilnehmer\/innen geschult, sowohl f\u00fcr die Leitung unterschiedlicher Arbeitsmeetings (Sitzungen, Team-besprechungen, Pr\u00e4sentationen etc.), als auch f\u00fcr die effektive Teilnahme an diesen Meetings. Schwerpunktm\u00e4\u00dfig wird die ziel- bzw. l\u00f6sungsorientierte Vorgehensweise praktisch einge\u00fcbt. Dabei werden spezifische Problemstellungen f\u00fcr die Arbeitswelt beispielhaft durchgearbeitet. Durch &hellip;<\/p>\n","protected":false},"author":1,"featured_media":0,"parent":36,"menu_order":0,"comment_status":"closed","ping_status":"closed","template":"template-builder.php","meta":{"footnotes":""},"class_list":["post-47","page","type-page","status-publish","hentry"],"_links":{"self":[{"href":"https:\/\/www.rcm-gmbh.de\/index.php?rest_route=\/wp\/v2\/pages\/47"}],"collection":[{"href":"https:\/\/www.rcm-gmbh.de\/index.php?rest_route=\/wp\/v2\/pages"}],"about":[{"href":"https:\/\/www.rcm-gmbh.de\/index.php?rest_route=\/wp\/v2\/types\/page"}],"author":[{"embeddable":true,"href":"https:\/\/www.rcm-gmbh.de\/index.php?rest_route=\/wp\/v2\/users\/1"}],"replies":[{"embeddable":true,"href":"https:\/\/www.rcm-gmbh.de\/index.php?rest_route=%2Fwp%2Fv2%2Fcomments&post=47"}],"version-history":[{"count":3,"href":"https:\/\/www.rcm-gmbh.de\/index.php?rest_route=\/wp\/v2\/pages\/47\/revisions"}],"predecessor-version":[{"id":120,"href":"https:\/\/www.rcm-gmbh.de\/index.php?rest_route=\/wp\/v2\/pages\/47\/revisions\/120"}],"up":[{"embeddable":true,"href":"https:\/\/www.rcm-gmbh.de\/index.php?rest_route=\/wp\/v2\/pages\/36"}],"wp:attachment":[{"href":"https:\/\/www.rcm-gmbh.de\/index.php?rest_route=%2Fwp%2Fv2%2Fmedia&parent=47"}],"curies":[{"name":"wp","href":"https:\/\/api.w.org\/{rel}","templated":true}]}}