{"id":46,"date":"2015-07-13T22:09:17","date_gmt":"2015-07-13T20:09:17","guid":{"rendered":"http:\/\/www.rcm-gmbh.de\/?page_id=46"},"modified":"2015-07-13T23:10:29","modified_gmt":"2015-07-13T21:10:29","slug":"praesentationstraining","status":"publish","type":"page","link":"https:\/\/www.rcm-gmbh.de\/?page_id=46","title":{"rendered":"Pr\u00e4sentationstraining"},"content":{"rendered":"<section id=\"builder-section-1436818119378\" class=\"builder-section builder-section-first builder-section-text builder-section-next-text builder-text-columns-1\">\n<div class=\"builder-section-content\">\n<div class=\"builder-text-column builder-text-column-1\" id=\"builder-section-1436818119378-column-1\">\n<div class=\"builder-text-content\">\n<hr class=\"ttfmake-hr\" style=\"border-style: dotted; border-top-width: 2px;\" \/>\n<p><div class=\"printfriendly pf-button  pf-alignright\"><a href=\"https:\/\/www.rcm-gmbh.de\/?page_id=46&amp;pfstyle=wp\" rel=\"nofollow\"  title=\"Printer Friendly, PDF & Email\"><img decoding=\"async\" class=\"pf-button-img\" src=\"https:\/\/cdn.printfriendly.com\/buttons\/print-button-gray.png\" alt=\"Print Friendly, PDF & Email\" style=\"width: 66px;height: 24px;\"  \/><\/a><\/div><span style=\"color: #808080;\"><strong><a style=\"color: #808080;\" href=\"http:\/\/www.rcm-gmbh.de\/?page_id=36\">Leistungen<\/a><\/strong><\/span>\u00a0&gt;<a href=\"http:\/\/rcm-gmbh.de\/?page_id=23\">\u00a0<\/a><a href=\"http:\/\/www.rcm-gmbh.de\/?page_id=46\">Pr\u00e4sentationstraining<\/a><\/p>\n<hr class=\"ttfmake-hr\" style=\"border-style: dotted; border-top-width: 2px;\" \/>\n\t\t\t<\/div>\n<\/p><\/div>\n<\/p><\/div>\n<\/section>\n<section id=\"builder-section-1436821798728\" class=\"builder-section builder-section-prev-text builder-section-text builder-section-last builder-text-columns-1\">\n<div class=\"builder-section-content\">\n<div class=\"builder-text-column builder-text-column-1\" id=\"builder-section-1436821798728-column-1\">\n<div class=\"builder-text-content\">\n<p><strong>Beschreibung:<\/strong><\/p>\n<p>Innerhalb der Seminartage werden die Teilnehmer und Teilnemerinnen die F\u00e4higkeit erlangen, eine Pr\u00e4sentation selbst\u00e4ndig vorzubereiten und durchzuf\u00fchren. Das dazu erforderliche Basiswissen wird vermittelt.<\/p>\n<p>Schwerpunkt der Pr\u00e4sentationsvorbereitung ist die Ziel- und Zuh\u00f6rerorientierung. Die Nutzung unterschiedlicher Pr\u00e4sentationsmedien wird im Seminar vermittelt. Au\u00dferdem erhalten die Teilnehmer\/innen bei der Vorbereitung einer eigenen Pr\u00e4sentation die M\u00f6glichkeit, die verschiedenen Medien auszuprobieren.<\/p>\n<p>Die Videoaufzeichnung der Pr\u00e4sentationen unterst\u00fctzt die Reflexion der Leistung.<\/p>\n<p><strong>Inhalte:<\/strong><\/p>\n<p>Was ist eine Pr\u00e4sentation? Wie bereitet man eine Pr\u00e4sentation vor?<\/p>\n<p>Visualisierung, Medieneinsatz, Mimik, Gestik, Kommunikation<\/p>\n<p>Vorbereitung einer Kurzpr\u00e4sentation (ca. 10 \u2013 15 Min.) aller Teilnehmer\/innen unter Anleitung<\/p>\n<p>Durchf\u00fchrung der Pr\u00e4sentationen<\/p>\n<p>Einzel-Feedbacks anhand der Videoaufzeichnungen<\/p>\n<p>Nachbereitung der Pr\u00e4sentation<\/p>\n<p>Besonderheiten von Gruppenpr\u00e4sentationen<\/p>\n<p>Leitung von Sitzungen (z. B. Projektsitzungen)<\/p>\n<p><strong>Dauer:<\/strong>\u00a02 Tage<\/p>\n<p><strong>Zielgruppe:<\/strong>\u00a0Alle Mitarbeiter und Mitarbeiterinnen, die Projekt- oder andere Ergebnisse pr\u00e4sentieren m\u00fcssen, max. 12 Teilnehmer bzw. Teilnehmerinnen pro Seminar<\/p>\n<p><strong>Methoden:<\/strong>\u00a0Kurzvortr\u00e4ge, Einzelarbeit, \u00dcbungen, Rollenspiele, Pr\u00e4sentation<\/p>\n<\/p><\/div>\n<\/p><\/div>\n<\/p><\/div>\n<\/section>\n","protected":false},"excerpt":{"rendered":"<p>Leistungen\u00a0&gt;\u00a0Pr\u00e4sentationstraining Beschreibung: Innerhalb der Seminartage werden die Teilnehmer und Teilnemerinnen die F\u00e4higkeit erlangen, eine Pr\u00e4sentation selbst\u00e4ndig vorzubereiten und durchzuf\u00fchren. Das dazu erforderliche Basiswissen wird vermittelt. Schwerpunkt der Pr\u00e4sentationsvorbereitung ist die Ziel- und Zuh\u00f6rerorientierung. Die Nutzung unterschiedlicher Pr\u00e4sentationsmedien wird im Seminar vermittelt. Au\u00dferdem erhalten die Teilnehmer\/innen bei der Vorbereitung einer eigenen Pr\u00e4sentation die M\u00f6glichkeit, die verschiedenen &hellip;<\/p>\n","protected":false},"author":1,"featured_media":0,"parent":36,"menu_order":0,"comment_status":"closed","ping_status":"closed","template":"template-builder.php","meta":{"footnotes":""},"class_list":["post-46","page","type-page","status-publish","hentry"],"_links":{"self":[{"href":"https:\/\/www.rcm-gmbh.de\/index.php?rest_route=\/wp\/v2\/pages\/46"}],"collection":[{"href":"https:\/\/www.rcm-gmbh.de\/index.php?rest_route=\/wp\/v2\/pages"}],"about":[{"href":"https:\/\/www.rcm-gmbh.de\/index.php?rest_route=\/wp\/v2\/types\/page"}],"author":[{"embeddable":true,"href":"https:\/\/www.rcm-gmbh.de\/index.php?rest_route=\/wp\/v2\/users\/1"}],"replies":[{"embeddable":true,"href":"https:\/\/www.rcm-gmbh.de\/index.php?rest_route=%2Fwp%2Fv2%2Fcomments&post=46"}],"version-history":[{"count":3,"href":"https:\/\/www.rcm-gmbh.de\/index.php?rest_route=\/wp\/v2\/pages\/46\/revisions"}],"predecessor-version":[{"id":116,"href":"https:\/\/www.rcm-gmbh.de\/index.php?rest_route=\/wp\/v2\/pages\/46\/revisions\/116"}],"up":[{"embeddable":true,"href":"https:\/\/www.rcm-gmbh.de\/index.php?rest_route=\/wp\/v2\/pages\/36"}],"wp:attachment":[{"href":"https:\/\/www.rcm-gmbh.de\/index.php?rest_route=%2Fwp%2Fv2%2Fmedia&parent=46"}],"curies":[{"name":"wp","href":"https:\/\/api.w.org\/{rel}","templated":true}]}}