{"id":26,"date":"2015-07-13T19:49:19","date_gmt":"2015-07-13T19:49:19","guid":{"rendered":"http:\/\/rcm-gmbh.de\/?page_id=26"},"modified":"2021-11-07T19:17:32","modified_gmt":"2021-11-07T18:17:32","slug":"regelwerke","status":"publish","type":"page","link":"https:\/\/www.rcm-gmbh.de\/?page_id=26","title":{"rendered":"Regelwerke"},"content":{"rendered":"<section id=\"builder-section-1436816930468\" class=\"builder-section-first builder-section builder-section-text builder-section-next-text builder-text-columns-1\" style=\"background-size: cover; background-repeat: no-repeat;background-position: center center;\">\n<div class=\"builder-section-content\">\n<div class=\"builder-text-row\">\n<div class=\"builder-text-column builder-text-column-1\" id=\"builder-section-1436816930468-column-1\">\n<div class=\"builder-text-content\">\n<hr class=\"ttfmake-hr\" style=\"border-style: dotted; border-top-width: 2px;\" \/>\n<p><div class=\"printfriendly pf-button  pf-alignright\"><a href=\"https:\/\/www.rcm-gmbh.de\/?page_id=26&amp;pfstyle=wp\" rel=\"nofollow\"  title=\"Printer Friendly, PDF & Email\"><img decoding=\"async\" class=\"pf-button-img\" src=\"https:\/\/cdn.printfriendly.com\/buttons\/print-button-gray.png\" alt=\"Print Friendly, PDF & Email\" style=\"width: 66px;height: 24px;\"  \/><\/a><\/div><span style=\"color: #808080;\"><strong><a style=\"color: #808080;\" href=\"http:\/\/www.rcm-gmbh.de\/?page_id=21\">Schwerpunkte<\/a><\/strong><\/span>\u00a0&gt;<a href=\"http:\/\/rcm-gmbh.de\/?page_id=23\">\u00a0<\/a><a href=\"http:\/\/rcm-gmbh.de\/?page_id=26\">Regelwerke<\/a><\/p>\n<hr class=\"ttfmake-hr\" style=\"border-style: dotted; border-top-width: 2px;\" \/>\n<p><span style=\"color: #808080;\"><strong><span style=\"color: #808080;\"><a style=\"color: #808080;\" href=\"http:\/\/rcm-gmbh.de\/?page_id=23\">Branchenschwerpunkte<\/a><\/span>\u00a0\u00a0<span style=\"color: #808080;\">I \u00a0<a style=\"color: #808080;\" href=\"http:\/\/rcm-gmbh.de\/?page_id=25\">Arbeitsschwerpunkte<\/a>\u00a0 I \u00a0<\/span><\/strong><\/span><strong><a href=\"http:\/\/rcm-gmbh.de\/?page_id=26\">Regelwerke<\/a><\/strong><\/p>\n<\/p><\/div>\n<\/p><\/div>\n<\/p><\/div>\n<\/p><\/div>\n<\/section>\n<section id=\"builder-section-1436816932525\" class=\"builder-section-prev-text builder-section builder-section-text builder-section-last builder-text-columns-1\" style=\"background-size: cover; background-repeat: no-repeat;background-position: center center;\">\n<div class=\"builder-section-content\">\n<div class=\"builder-text-row\">\n<div class=\"builder-text-column builder-text-column-1\" id=\"builder-section-1436816932525-column-1\">\n<div class=\"builder-text-content\">\n<p>Unsere Berater f\u00fchlen sich fit auf den Gebieten folgender Regelwerke. Diese bilden h\u00e4ufig die Grundlage unserer Beratungsleistung.<\/p>\n<p>Arbeitsschutz<\/p>\n<ul>\n<li>DIN ISO 45001 \u2013 Managementsysteme f\u00fcr Sicherheit und Gesundheit bei der Arbeit<\/li>\n<li>OHRIS &#8211; Managementsysteme f\u00fcr Arbeitsschutz und Anlagensicherheit<\/li>\n<\/ul>\n<p>Qualit\u00e4t<\/p>\n<ul>\n<li>DIN EN ISO 9000 ff &#8211; Qualit\u00e4tsmanagementsysteme<\/li>\n<li>KTA 1401 &#8211; Qualit\u00e4tssicherungssysteme<\/li>\n<\/ul>\n<p>Umwelt\u00a0\u00a0\u00a0\u00a0\u00a0\u00a0\u00a0\u00a0\u00a0<\/p>\n<ul>\n<li>DIN EN ISO 14000 ff &#8211; Umweltmanagementsysteme<\/li>\n<li>EMAS-Verordnung (EG-\u00d6ko-Audit-Verordnung)<\/li>\n<\/ul>\n<p>Sicherheit<\/p>\n<ul>\n<li>SEVESO-II-Richtlinie<\/li>\n<li>Richtlinie 96\/82\/EG des Rates vom 09. Dezember 1996 zur Beherrschung der Gefahren bei schweren Unf\u00e4llen mit gef\u00e4hrlichen Stoffen<\/li>\n<\/ul>\n<p>Energie<\/p>\n<ul>\n<li>DIN EN ISO 50001 &#8211; Energiemanagementsysteme<\/li>\n<li>SpaEfV &#8211; Spitzenausgleich- Effizienzsystemverordnung<\/li>\n<\/ul>\n<p>Neben der Erf\u00fcllung dieser Regelwerke hat die wirtschaftliche Umsetzung im Unternehmen h\u00f6chste Priorit\u00e4t.<\/p>\n<p>Denn nur der Erfolg unserer Kunden bedeutet auch f\u00fcr uns langfristigen Erfolg.<\/p>\n<\/p><\/div>\n<\/p><\/div>\n<\/p><\/div>\n<\/p><\/div>\n<\/section>\n","protected":false},"excerpt":{"rendered":"<p>Schwerpunkte\u00a0&gt;\u00a0Regelwerke Branchenschwerpunkte\u00a0\u00a0I \u00a0Arbeitsschwerpunkte\u00a0 I \u00a0Regelwerke Unsere Berater f\u00fchlen sich fit auf den Gebieten folgender Regelwerke. Diese bilden h\u00e4ufig die Grundlage unserer Beratungsleistung. Arbeitsschutz DIN ISO 45001 \u2013 Managementsysteme f\u00fcr Sicherheit und Gesundheit bei der Arbeit OHRIS &#8211; Managementsysteme f\u00fcr Arbeitsschutz und Anlagensicherheit Qualit\u00e4t DIN EN ISO 9000 ff &#8211; Qualit\u00e4tsmanagementsysteme KTA 1401 &#8211; Qualit\u00e4tssicherungssysteme Umwelt\u00a0\u00a0\u00a0\u00a0\u00a0\u00a0\u00a0\u00a0\u00a0 &hellip;<\/p>\n","protected":false},"author":1,"featured_media":0,"parent":21,"menu_order":0,"comment_status":"closed","ping_status":"closed","template":"template-builder.php","meta":{"footnotes":""},"class_list":["post-26","page","type-page","status-publish","hentry"],"_links":{"self":[{"href":"https:\/\/www.rcm-gmbh.de\/index.php?rest_route=\/wp\/v2\/pages\/26"}],"collection":[{"href":"https:\/\/www.rcm-gmbh.de\/index.php?rest_route=\/wp\/v2\/pages"}],"about":[{"href":"https:\/\/www.rcm-gmbh.de\/index.php?rest_route=\/wp\/v2\/types\/page"}],"author":[{"embeddable":true,"href":"https:\/\/www.rcm-gmbh.de\/index.php?rest_route=\/wp\/v2\/users\/1"}],"replies":[{"embeddable":true,"href":"https:\/\/www.rcm-gmbh.de\/index.php?rest_route=%2Fwp%2Fv2%2Fcomments&post=26"}],"version-history":[{"count":6,"href":"https:\/\/www.rcm-gmbh.de\/index.php?rest_route=\/wp\/v2\/pages\/26\/revisions"}],"predecessor-version":[{"id":155,"href":"https:\/\/www.rcm-gmbh.de\/index.php?rest_route=\/wp\/v2\/pages\/26\/revisions\/155"}],"up":[{"embeddable":true,"href":"https:\/\/www.rcm-gmbh.de\/index.php?rest_route=\/wp\/v2\/pages\/21"}],"wp:attachment":[{"href":"https:\/\/www.rcm-gmbh.de\/index.php?rest_route=%2Fwp%2Fv2%2Fmedia&parent=26"}],"curies":[{"name":"wp","href":"https:\/\/api.w.org\/{rel}","templated":true}]}}