{"id":23,"date":"2015-07-13T19:47:55","date_gmt":"2015-07-13T19:47:55","guid":{"rendered":"http:\/\/rcm-gmbh.de\/?page_id=23"},"modified":"2021-11-07T19:14:42","modified_gmt":"2021-11-07T18:14:42","slug":"branchenschwerpunkte","status":"publish","type":"page","link":"https:\/\/www.rcm-gmbh.de\/?page_id=23","title":{"rendered":"Branchenschwerpunkte"},"content":{"rendered":"<section id=\"builder-section-1436816728031\" class=\"builder-section-first builder-section builder-section-text builder-section-next-text builder-text-columns-1\" style=\"background-size: cover; background-repeat: no-repeat;background-position: center center;\">\n<div class=\"builder-section-content\">\n<div class=\"builder-text-row\">\n<div class=\"builder-text-column builder-text-column-1\" id=\"builder-section-1436816728031-column-1\">\n<div class=\"builder-text-content\">\n<hr class=\"ttfmake-hr\" style=\"border-style: dotted; border-top-width: 2px;\" \/>\n<p><div class=\"printfriendly pf-button  pf-alignright\"><a href=\"https:\/\/www.rcm-gmbh.de\/?page_id=23&amp;pfstyle=wp\" rel=\"nofollow\"  title=\"Printer Friendly, PDF & Email\"><img decoding=\"async\" class=\"pf-button-img\" src=\"https:\/\/cdn.printfriendly.com\/buttons\/print-button-gray.png\" alt=\"Print Friendly, PDF & Email\" style=\"width: 66px;height: 24px;\"  \/><\/a><\/div><span style=\"color: #808080;\"><strong><a style=\"color: #808080;\" href=\"http:\/\/www.rcm-gmbh.de\/?page_id=21\">Schwerpunkte<\/a><\/strong><\/span>\u00a0&gt;<a href=\"http:\/\/rcm-gmbh.de\/?page_id=23\">\u00a0Branchenschwerpunkte<\/a><\/p>\n<hr class=\"ttfmake-hr\" style=\"border-style: dotted; border-top-width: 2px;\" \/>\n<p><span style=\"color: #808080;\"><strong><a href=\"http:\/\/rcm-gmbh.de\/?page_id=23\">Branchenschwerpunkte<\/a>\u00a0\u00a0<span style=\"color: #808080;\">I \u00a0<a style=\"color: #808080;\" href=\"http:\/\/rcm-gmbh.de\/?page_id=25\">Arbeitsschwerpunkte<\/a>\u00a0 I \u00a0<a style=\"color: #808080;\" href=\"http:\/\/rcm-gmbh.de\/?page_id=26\">Regelwerke<\/a><\/span><\/strong><\/span><\/p>\n<\/p><\/div>\n<\/p><\/div>\n<\/p><\/div>\n<\/p><\/div>\n<\/section>\n<section id=\"builder-section-1436816637764\" class=\"builder-section-prev-text builder-section builder-section-text builder-section-last builder-text-columns-1\" style=\"background-size: cover; background-repeat: no-repeat;background-position: center center;\">\n<div class=\"builder-section-content\">\n<div class=\"builder-text-row\">\n<div class=\"builder-text-column builder-text-column-1\" id=\"builder-section-1436816637764-column-1\">\n<div class=\"builder-text-content\">\n<p>Unsere Branchenschwerpunkte lassen sich aus den Kenntnissen und Erfahrungen der RCM-Berater ersehen. Diese haben sie in langj\u00e4hriger Arbeitst\u00e4tigkeit in den folgenden Branchen erworben:<\/p>\n<ul>\n<li>Versorgungswirtschaft (Energie, Gas, Wasser\/Abwasser, Abfall)<\/li>\n<li>Chemische Industrie (Farben- und Lacke, Pharmazeutika, sonstige Chemie)<\/li>\n<li>Investitionsg\u00fcterindustrie (Maschinenbau, Anlagenbau, Luftfahrttechnik, Elektroindustrie, Fahrzeuge)<\/li>\n<li>Nahrungs- und Genussmittel (Mineralwasser, Kaffee, Backwaren, Bier, Feinkost, Tabak)<\/li>\n<li>Dienstleistungsunternehmen (Logistik, Datenverarbeitung, Gro\u00df- und Einzelhandel, Geb\u00e4udereinigung, Ingenieurb\u00fcros, Gutachterorganisationen, Luftfrachttransport)<\/li>\n<li>Gesundheitswesen (Diabetologische Schwerpunkte in Praxen und Kliniken)<\/li>\n<\/ul>\n<p>Die Erfahrungen aus kleinen, mittleren und gro\u00dfen Unternehmen kommen branchen\u00fcbergreifend unseren Kunden der aufgef\u00fchrten Branchen zugute.<\/p>\n<\/p><\/div>\n<\/p><\/div>\n<\/p><\/div>\n<\/p><\/div>\n<\/section>\n","protected":false},"excerpt":{"rendered":"<p>Schwerpunkte\u00a0&gt;\u00a0Branchenschwerpunkte Branchenschwerpunkte\u00a0\u00a0I \u00a0Arbeitsschwerpunkte\u00a0 I \u00a0Regelwerke Unsere Branchenschwerpunkte lassen sich aus den Kenntnissen und Erfahrungen der RCM-Berater ersehen. Diese haben sie in langj\u00e4hriger Arbeitst\u00e4tigkeit in den folgenden Branchen erworben: Versorgungswirtschaft (Energie, Gas, Wasser\/Abwasser, Abfall) Chemische Industrie (Farben- und Lacke, Pharmazeutika, sonstige Chemie) Investitionsg\u00fcterindustrie (Maschinenbau, Anlagenbau, Luftfahrttechnik, Elektroindustrie, Fahrzeuge) Nahrungs- und Genussmittel (Mineralwasser, Kaffee, Backwaren, Bier, Feinkost, &hellip;<\/p>\n","protected":false},"author":1,"featured_media":0,"parent":21,"menu_order":0,"comment_status":"closed","ping_status":"closed","template":"template-builder.php","meta":{"footnotes":""},"class_list":["post-23","page","type-page","status-publish","hentry"],"_links":{"self":[{"href":"https:\/\/www.rcm-gmbh.de\/index.php?rest_route=\/wp\/v2\/pages\/23"}],"collection":[{"href":"https:\/\/www.rcm-gmbh.de\/index.php?rest_route=\/wp\/v2\/pages"}],"about":[{"href":"https:\/\/www.rcm-gmbh.de\/index.php?rest_route=\/wp\/v2\/types\/page"}],"author":[{"embeddable":true,"href":"https:\/\/www.rcm-gmbh.de\/index.php?rest_route=\/wp\/v2\/users\/1"}],"replies":[{"embeddable":true,"href":"https:\/\/www.rcm-gmbh.de\/index.php?rest_route=%2Fwp%2Fv2%2Fcomments&post=23"}],"version-history":[{"count":4,"href":"https:\/\/www.rcm-gmbh.de\/index.php?rest_route=\/wp\/v2\/pages\/23\/revisions"}],"predecessor-version":[{"id":152,"href":"https:\/\/www.rcm-gmbh.de\/index.php?rest_route=\/wp\/v2\/pages\/23\/revisions\/152"}],"up":[{"embeddable":true,"href":"https:\/\/www.rcm-gmbh.de\/index.php?rest_route=\/wp\/v2\/pages\/21"}],"wp:attachment":[{"href":"https:\/\/www.rcm-gmbh.de\/index.php?rest_route=%2Fwp%2Fv2%2Fmedia&parent=23"}],"curies":[{"name":"wp","href":"https:\/\/api.w.org\/{rel}","templated":true}]}}