{"id":157,"date":"2015-07-13T23:36:18","date_gmt":"2015-07-13T21:36:18","guid":{"rendered":"http:\/\/www.rcm-gmbh.de\/?page_id=125"},"modified":"2021-11-07T19:39:42","modified_gmt":"2021-11-07T18:39:42","slug":"energieaudits-2","status":"publish","type":"page","link":"https:\/\/www.rcm-gmbh.de\/?page_id=157","title":{"rendered":"Verfahren zur DDG"},"content":{"rendered":"<section id=\"builder-section-1436823272793\" class=\"builder-section-first builder-section builder-section-text builder-section-next-text builder-text-columns-1\" style=\"background-size: cover; background-repeat: no-repeat;background-position: center center;\">\n<div class=\"builder-section-content\">\n<div class=\"builder-text-row\">\n<div class=\"builder-text-column builder-text-column-1\" id=\"builder-section-1436823272793-column-1\">\n<div class=\"builder-text-content\">\n<hr class=\"ttfmake-hr\" style=\"border-style: dotted; border-top-width: 2px;\" \/>\n<p><div class=\"printfriendly pf-button  pf-alignright\"><a href=\"https:\/\/www.rcm-gmbh.de\/?page_id=157&amp;pfstyle=wp\" rel=\"nofollow\"  title=\"Printer Friendly, PDF & Email\"><img decoding=\"async\" class=\"pf-button-img\" src=\"https:\/\/cdn.printfriendly.com\/buttons\/print-button-gray.png\" alt=\"Print Friendly, PDF & Email\" style=\"width: 66px;height: 24px;\"  \/><\/a><\/div><span style=\"color: #808080;\"><strong><a style=\"color: #808080;\" href=\"http:\/\/www.rcm-gmbh.de\/?page_id=36\">Leistungen<\/a><\/strong><\/span>\u00a0&gt;<a href=\"http:\/\/rcm-gmbh.de\/?page_id=23\">\u00a0<\/a><a href=\"https:\/\/www.rcm-gmbh.de\/?page_id=157\">Verfahren zur DDG<\/a><\/p>\n<hr class=\"ttfmake-hr\" style=\"border-style: dotted; border-top-width: 2px;\" \/>\n\t\t\t\t\t<\/div>\n<\/p><\/div>\n<\/p><\/div>\n<\/p><\/div>\n<\/section>\n<section id=\"builder-section-1436823279248\" class=\"builder-section-prev-text builder-section builder-section-text builder-section-last builder-text-columns-1\" style=\"background-size: cover; background-repeat: no-repeat;background-position: center center;\">\n<div class=\"builder-section-content\">\n<div class=\"builder-text-row\">\n<div class=\"builder-text-column builder-text-column-1\" id=\"builder-section-1436823279248-column-1\">\n<div class=\"builder-text-content\">\n<p><strong>Verfahren zur DDG &#8211; Anerkennung als Behandlungseinrichtung f\u00fcr Patienten mit Typ 1 oder Typ 2 Diabetes<\/strong><\/p>\n<p>Das RCM-Modell ist ein speziell f\u00fcr den Bereich Diabetes im Gesundheitswesen entwickeltes Modell.<\/p>\n<p>Das RCM-Modell gibt es seit dem 7. November 2005. Es ist ein auf DIN EN ISO 9001 basiertes Anerkennungsverfahren. Dieses Modell kann insbesondere auch bei bereits erfolgter DIN EN ISO 9001-Zertifizierung genutzt werden, um den Nachweis der Erf\u00fcllung der Anforderungen der\u00a0<a href=\"http:\/\/www.deutsche-diabetes-gesellschaft.de\/\"><strong>DDG<\/strong><\/a>\u00a0zu f\u00fchren.<\/p>\n<p>Das RCM-Modell basiert auf der Norm DIN EN ISO 9001. Es wurde erg\u00e4nzt um die von der\u00a0<a href=\"http:\/\/www.deutsche-diabetes-gesellschaft.de\/\"><strong>DDG<\/strong><\/a>\u00a0festgelegten Pflicht-Items f\u00fcr Behandlungseinrichtungen. Diese Pflichtkriterien wurden aus der Praxis von erfolgreichen Behandlungseinrichtungen ermittelt, in denen ein diabetesspezifisches Qualit\u00e4tsmanagementsystem praktiziert wird.<\/p>\n<p>In Weiterentwicklung des DIN EN ISO 9001-Modells wurde im RCM-Modell ein Scoring-System zur quantifizierenden Bewertung etabliert.<\/p>\n<p>Der folgende Prozess stellt den Ablauf des Anerkennungsverfahrens nach dem RCM-Modell dar. Die Schnittstellen zwischen der\u00a0<a href=\"http:\/\/www.deutsche-diabetes-gesellschaft.de\/\"><strong>DDG<\/strong><\/a>\u00a0und RCM sowie der Antrag stellenden Einrichtung wird aufgezeigt.<\/p>\n<hr \/>\n<p style=\"text-align: center;\"><strong>Vertragsabschluss<\/strong><\/p>\n<p style=\"text-align: center;\"><span class=\"ttfmake-icon mceNonEditable fa\">\uf078<\/span><\/p>\n<hr \/>\n<p style=\"text-align: center;\"><strong>1. Abschnitt<\/strong><\/p>\n<p style=\"text-align: center;\">Der Antragssteller (z.B.\u00a0 Klinik oder Praxis) sendet und ein Anmeldeformular an die DDG (Download von der Homepage der DDG) \u2013 erg\u00e4nzt um die Mitteilung, dass er durch die DDG-akkreditierte Einrichtung RCM zertifiziert werden m\u00f6chte.<\/p>\n<p style=\"text-align: center;\">RCM erh\u00e4lt das ausgef\u00fcllte Antragsformular.<\/p>\n<p style=\"text-align: center;\"><span class=\"ttfmake-icon mceNonEditable fa\">\uf078<\/span><\/p>\n<hr \/>\n<p style=\"text-align: center;\"><strong>2. Abschnitt<\/strong><\/p>\n<p style=\"text-align: center;\">Die DDG-Gesch\u00e4ftsstelle pr\u00fcft den Eingang der Bearbeitungsgeb\u00fchr und die Korrektheit der Anmeldung und informiert RCM bzgl. der Anmeldung.<\/p>\n<p style=\"text-align: center;\"><span class=\"ttfmake-icon mceNonEditable fa\">\uf078<\/span><\/p>\n<hr \/>\n<p style=\"text-align: center;\"><strong>3. Abschnitt<\/strong><\/p>\n<p style=\"text-align: center;\">RCM nimmt Kontakt mit dem Antragssteller auf und kl\u00e4rt die Vertragsmodalit\u00e4ten (Angebotsabgabe).<\/p>\n<p style=\"text-align: center;\"><span class=\"ttfmake-icon mceNonEditable fa\">\uf078<\/span><\/p>\n<hr \/>\n<p style=\"text-align: center;\"><strong>4. Abschnitt<\/strong><\/p>\n<p style=\"text-align: center;\">Nach der Beauftragung der anzuerkennende Einrichtung und der Auftragsannahme seitens RCM werden die f\u00fcr die Anerkennung relevanten Dokumente ausgetauscht. Seitens RCM werden die Dokumente ausgewertet und die Einrichtung \u00fcber das Ergebnis informiert.<\/p>\n<p style=\"text-align: center;\"><span class=\"ttfmake-icon mceNonEditable fa\">\uf078<\/span><\/p>\n<hr \/>\n<p style=\"text-align: center;\"><strong>5. Abschnitt<\/strong><\/p>\n<p style=\"text-align: center;\">RCM pr\u00fcft die Realisierung des QM-Systems vor Ort beim Antragssteller und erstellt einen abschlie\u00dfenden Anerkennungsbericht und der Empfehlung zur Erteilung der Anerkennung seitens der DDG e.V.<\/p>\n<p style=\"text-align: center;\"><span class=\"ttfmake-icon mceNonEditable fa\">\uf078<\/span><\/p>\n<hr \/>\n<p style=\"text-align: center;\"><strong>6. Abschnitt<\/strong><\/p>\n<p style=\"text-align: center;\">Der Anerkennungsbericht wird von der DDG gepr\u00fcft und bei positiven Ergebnis die Anerkennung ausgestellt:<\/p>\n<p style=\"text-align: center;\"><strong>Zertifiziertes Diabeteszentrum Diabetologikum DDG <\/strong><strong>mit diabetesspezifischem Qualita\u0308tsmanagement<\/strong><\/p>\n<p style=\"text-align: center;\"><span class=\"ttfmake-icon mceNonEditable fa\">\uf078<\/span><\/p>\n<hr \/>\n<p style=\"text-align: center;\"><strong>7. Abschnitt<\/strong><\/p>\n<p style=\"text-align: center;\">Wirtschaftlicher Abschluss durch RCM.<\/p>\n<\/p><\/div>\n<\/p><\/div>\n<\/p><\/div>\n<\/p><\/div>\n<\/section>\n","protected":false},"excerpt":{"rendered":"<p>Leistungen\u00a0&gt;\u00a0Verfahren zur DDG Verfahren zur DDG &#8211; Anerkennung als Behandlungseinrichtung f\u00fcr Patienten mit Typ 1 oder Typ 2 Diabetes Das RCM-Modell ist ein speziell f\u00fcr den Bereich Diabetes im Gesundheitswesen entwickeltes Modell. Das RCM-Modell gibt es seit dem 7. November 2005. Es ist ein auf DIN EN ISO 9001 basiertes Anerkennungsverfahren. Dieses Modell kann insbesondere &hellip;<\/p>\n","protected":false},"author":1,"featured_media":0,"parent":36,"menu_order":0,"comment_status":"closed","ping_status":"closed","template":"template-builder.php","meta":{"footnotes":""},"class_list":["post-157","page","type-page","status-publish","hentry"],"_links":{"self":[{"href":"https:\/\/www.rcm-gmbh.de\/index.php?rest_route=\/wp\/v2\/pages\/157"}],"collection":[{"href":"https:\/\/www.rcm-gmbh.de\/index.php?rest_route=\/wp\/v2\/pages"}],"about":[{"href":"https:\/\/www.rcm-gmbh.de\/index.php?rest_route=\/wp\/v2\/types\/page"}],"author":[{"embeddable":true,"href":"https:\/\/www.rcm-gmbh.de\/index.php?rest_route=\/wp\/v2\/users\/1"}],"replies":[{"embeddable":true,"href":"https:\/\/www.rcm-gmbh.de\/index.php?rest_route=%2Fwp%2Fv2%2Fcomments&post=157"}],"version-history":[{"count":4,"href":"https:\/\/www.rcm-gmbh.de\/index.php?rest_route=\/wp\/v2\/pages\/157\/revisions"}],"predecessor-version":[{"id":163,"href":"https:\/\/www.rcm-gmbh.de\/index.php?rest_route=\/wp\/v2\/pages\/157\/revisions\/163"}],"up":[{"embeddable":true,"href":"https:\/\/www.rcm-gmbh.de\/index.php?rest_route=\/wp\/v2\/pages\/36"}],"wp:attachment":[{"href":"https:\/\/www.rcm-gmbh.de\/index.php?rest_route=%2Fwp%2Fv2%2Fmedia&parent=157"}],"curies":[{"name":"wp","href":"https:\/\/api.w.org\/{rel}","templated":true}]}}