{"id":125,"date":"2015-07-13T23:36:18","date_gmt":"2015-07-13T21:36:18","guid":{"rendered":"http:\/\/www.rcm-gmbh.de\/?page_id=125"},"modified":"2015-07-13T23:40:53","modified_gmt":"2015-07-13T21:40:53","slug":"energieaudits","status":"publish","type":"page","link":"https:\/\/www.rcm-gmbh.de\/?page_id=125","title":{"rendered":"Energieaudits"},"content":{"rendered":"<section id=\"builder-section-1436823272793\" class=\"builder-section builder-section-first builder-section-text builder-section-next-text builder-text-columns-1\">\n<div class=\"builder-section-content\">\n<div class=\"builder-text-column builder-text-column-1\" id=\"builder-section-1436823272793-column-1\">\n<div class=\"builder-text-content\">\n<hr class=\"ttfmake-hr\" style=\"border-style: dotted; border-top-width: 2px;\" \/>\n<p><div class=\"printfriendly pf-button  pf-alignright\"><a href=\"https:\/\/www.rcm-gmbh.de\/?page_id=125&amp;pfstyle=wp\" rel=\"nofollow\"  title=\"Printer Friendly, PDF & Email\"><img decoding=\"async\" class=\"pf-button-img\" src=\"https:\/\/cdn.printfriendly.com\/buttons\/print-button-gray.png\" alt=\"Print Friendly, PDF & Email\" style=\"width: 66px;height: 24px;\"  \/><\/a><\/div><span style=\"color: #808080;\"><strong><a style=\"color: #808080;\" href=\"http:\/\/www.rcm-gmbh.de\/?page_id=36\">Leistungen<\/a><\/strong><\/span>\u00a0&gt;<a href=\"http:\/\/rcm-gmbh.de\/?page_id=23\">\u00a0<\/a><a href=\"http:\/\/www.rcm-gmbh.de\/?page_id=125\">Energieaudits<\/a><\/p>\n<hr class=\"ttfmake-hr\" style=\"border-style: dotted; border-top-width: 2px;\" \/>\n\t\t\t<\/div>\n<\/p><\/div>\n<\/p><\/div>\n<\/section>\n<section id=\"builder-section-1436823279248\" class=\"builder-section builder-section-prev-text builder-section-text builder-section-last builder-text-columns-1\">\n<div class=\"builder-section-content\">\n<div class=\"builder-text-column builder-text-column-1\" id=\"builder-section-1436823279248-column-1\">\n<div class=\"builder-text-content\">\n<p><strong>Durchf\u00fchrung von Energieaudits gem\u00e4\u00df Energiedienstleistungsgesetz (EDL-G)<\/strong><\/p>\n<p>Das Gesetz \u00fcber Energiedienstleistungen und andere Energieeffizienzma\u00dfnahmen (EDL-G) wurde im Bundesgesetzblatt am 15.04.2015 ge\u00e4ndert und ver\u00f6ffentlicht. Das Gesetz verpflichten diejenigen Unternehmen, die keine Kleinstunternehmen, kleinen und mittleren Unternehmen sind, ein\u00a0<strong>Energieaudit<\/strong>\u00a0nach Ma\u00dfgabe des 8 des EDL-G\u00a0<strong>bis zum 05. Dezember 2015<\/strong>\u00a0und mindestens alle 4 Jahre (gerechnet vom Zeitpunkt des ersten Energieaudits) ein weiteres Energieaudit durchzuf\u00fchren. Unternehmen sind von dieser Pflicht befreit, wenn sie<\/p>\n<ul>\n<li>mit der Einf\u00fchrung eines Energiemanagementsystems nach DIN EN ISO 50001 nachweislich begonnen und die energetische Bewertung (siehe Abs. 4.4.3 der Norm) durchgef\u00fchrt haben<\/li>\n<li>mit der Einf\u00fchrung eines Umweltmanagementsystems nach DIN EN ISO 14001 begonnen und folgende Ma\u00dfnahmen bereits umgesetzt haben: mindestens die Erfassung und Analyse eingesetzter Energietr\u00e4ger mit einer Bestandsaufnahme der Energiestr\u00f6me und Energietr\u00e4ger, der Ermittlung wichtiger Kenngr\u00f6\u00dfen in Form von absoluten und prozentualen Einsatzmengen gemessen in technischen und bewertet in monet\u00e4ren Einheiten und der Dokumentation der eingesetzten Energietr\u00e4ger mit Hilfe einer Tabelle.<\/li>\n<\/ul>\n<p style=\"text-align: justify;\">RCM\u00a0f\u00fchrt Energieaudits auf Basis der Normenreihe DIN EN 16247 durch.<\/p>\n<\/p><\/div>\n<\/p><\/div>\n<\/p><\/div>\n<\/section>\n","protected":false},"excerpt":{"rendered":"<p>Leistungen\u00a0&gt;\u00a0Energieaudits Durchf\u00fchrung von Energieaudits gem\u00e4\u00df Energiedienstleistungsgesetz (EDL-G) Das Gesetz \u00fcber Energiedienstleistungen und andere Energieeffizienzma\u00dfnahmen (EDL-G) wurde im Bundesgesetzblatt am 15.04.2015 ge\u00e4ndert und ver\u00f6ffentlicht. Das Gesetz verpflichten diejenigen Unternehmen, die keine Kleinstunternehmen, kleinen und mittleren Unternehmen sind, ein\u00a0Energieaudit\u00a0nach Ma\u00dfgabe des 8 des EDL-G\u00a0bis zum 05. Dezember 2015\u00a0und mindestens alle 4 Jahre (gerechnet vom Zeitpunkt des ersten &hellip;<\/p>\n","protected":false},"author":1,"featured_media":0,"parent":36,"menu_order":0,"comment_status":"closed","ping_status":"closed","template":"template-builder.php","meta":{"footnotes":""},"class_list":["post-125","page","type-page","status-publish","hentry"],"_links":{"self":[{"href":"https:\/\/www.rcm-gmbh.de\/index.php?rest_route=\/wp\/v2\/pages\/125"}],"collection":[{"href":"https:\/\/www.rcm-gmbh.de\/index.php?rest_route=\/wp\/v2\/pages"}],"about":[{"href":"https:\/\/www.rcm-gmbh.de\/index.php?rest_route=\/wp\/v2\/types\/page"}],"author":[{"embeddable":true,"href":"https:\/\/www.rcm-gmbh.de\/index.php?rest_route=\/wp\/v2\/users\/1"}],"replies":[{"embeddable":true,"href":"https:\/\/www.rcm-gmbh.de\/index.php?rest_route=%2Fwp%2Fv2%2Fcomments&post=125"}],"version-history":[{"count":2,"href":"https:\/\/www.rcm-gmbh.de\/index.php?rest_route=\/wp\/v2\/pages\/125\/revisions"}],"predecessor-version":[{"id":129,"href":"https:\/\/www.rcm-gmbh.de\/index.php?rest_route=\/wp\/v2\/pages\/125\/revisions\/129"}],"up":[{"embeddable":true,"href":"https:\/\/www.rcm-gmbh.de\/index.php?rest_route=\/wp\/v2\/pages\/36"}],"wp:attachment":[{"href":"https:\/\/www.rcm-gmbh.de\/index.php?rest_route=%2Fwp%2Fv2%2Fmedia&parent=125"}],"curies":[{"name":"wp","href":"https:\/\/api.w.org\/{rel}","templated":true}]}}