{"id":12,"date":"2015-07-13T19:14:35","date_gmt":"2015-07-13T19:14:35","guid":{"rendered":"http:\/\/rcm-gmbh.de\/?page_id=12"},"modified":"2021-11-07T19:11:16","modified_gmt":"2021-11-07T18:11:16","slug":"willkommen","status":"publish","type":"page","link":"https:\/\/www.rcm-gmbh.de\/","title":{"rendered":"Willkommen"},"content":{"rendered":"<section id=\"builder-section-1436814068608\" class=\"builder-section-first builder-section builder-section-banner builder-section-next-text\" style=\"background-size: cover; background-repeat: no-repeat;background-position: center center;\">\n<div class=\"builder-section-content\">\n<div class=\"builder-banner-slide content-position-none\" style=\"background-image: url(&#039;http:\/\/www.rcm-gmbh.de\/wp-content\/uploads\/2015\/07\/H0_Willkommen.jpg&#039;);\">\n<div class=\"builder-banner-content\">\n<div class=\"builder-banner-inner-content\">\n\t\t\t\t\t\t\t\t\t<\/div>\n<\/p><\/div>\n<\/p><\/div>\n<\/p><\/div>\n<\/section>\n<section id=\"builder-section-1436814611797\" class=\"builder-section-prev-banner builder-section builder-section-text builder-section-last builder-text-columns-1\" style=\"background-size: cover; background-repeat: no-repeat;background-position: center center;\">\n<div class=\"builder-section-content\">\n<div class=\"builder-text-row\">\n<div class=\"builder-text-column builder-text-column-1\" id=\"builder-section-1436814611797-column-1\">\n<div class=\"builder-text-content\">\n<p style=\"text-align: justify;\">Willkommen bei der R CONSULT Managementberatung GmbH!<\/p>\n<p style=\"text-align: justify;\">Die RCM ist ein Dienstleistungsunternehmen im Bereich der Managementberatung.<\/p>\n<p style=\"text-align: justify;\">Wir, das sind 12 erfahrene festangestellte und freiberufliche Berater, bringen unsere Erfahrungen und Kenntnisse mit Engagement, Kreativit\u00e4t und Einf\u00fchlungsverm\u00f6gen in die Dienste unserer Kunden ein. Dabei k\u00f6nnen wir auf die Qualifikationen unserer Berater in den folgenden Feldern zur\u00fcckgreifen:<\/p>\n<ul>\n<li>\u00c4rzte f\u00fcr Humanmedizin (Schwerpunkte: Dialektologie und Notfallmedizin)<\/li>\n<li style=\"text-align: justify;\">Ingenieure (Maschinenbau, Biotechnologie, Elektro-, Energie- und Kerntechnik)<\/li>\n<li style=\"text-align: justify;\">Naturwissenschaftler (Chemiker, Physiker, Mineralogen, Geologen)<\/li>\n<li style=\"text-align: justify;\">Psychologen (Schwerpunkt &#8222;Arbeits- und Organisationspsychologie&#8220;)<\/li>\n<li style=\"text-align: justify;\">Wirtschaftsingenieure<\/li>\n<li style=\"text-align: justify;\">Wirtschaftswissenschaftler (Volks- und Betriebswirte)<\/li>\n<\/ul>\n<p style=\"text-align: justify;\">Mit diesen Qualifikationen k\u00f6nnen wir die Aufgabenstellungen unserer Kunden im partnerschaftlichen Dialog in der Organisation bearbeiten. In aufgabenbezogenen, spezialisierten Beraterteams arbeiten wir eng mit den Mitarbeitern in den Organisationen unserer Kunden zusammen.<\/p>\n<p style=\"text-align: justify;\">Dabei k\u00f6nnen wir seit der Gr\u00fcndung am 2. August 2000 auf zusammengerechnet \u00fcber 100 Jahre Beratungserfahrung aller Kollegen zur\u00fcckgreifen und diese in den Dienst unserer Kunden stellen. Mehr hierzu k\u00f6nnen Sie in unseren <strong><a href=\"http:\/\/www.rcm-gmbh.de\/?page_id=21\">Schwerpunkten<\/a><\/strong> und unseren <strong><a href=\"http:\/\/www.rcm-gmbh.de\/?page_id=36\">Leistungen<\/a><\/strong>\u00a0erfahren.<\/p>\n<\/p><\/div>\n<\/p><\/div>\n<\/p><\/div>\n<\/p><\/div>\n<\/section>\n","protected":false},"excerpt":{"rendered":"<p>Willkommen bei der R CONSULT Managementberatung GmbH! Die RCM ist ein Dienstleistungsunternehmen im Bereich der Managementberatung. Wir, das sind 12 erfahrene festangestellte und freiberufliche Berater, bringen unsere Erfahrungen und Kenntnisse mit Engagement, Kreativit\u00e4t und Einf\u00fchlungsverm\u00f6gen in die Dienste unserer Kunden ein. Dabei k\u00f6nnen wir auf die Qualifikationen unserer Berater in den folgenden Feldern zur\u00fcckgreifen: \u00c4rzte &hellip;<\/p>\n","protected":false},"author":1,"featured_media":0,"parent":0,"menu_order":0,"comment_status":"closed","ping_status":"closed","template":"template-builder.php","meta":{"footnotes":""},"class_list":["post-12","page","type-page","status-publish","hentry"],"_links":{"self":[{"href":"https:\/\/www.rcm-gmbh.de\/index.php?rest_route=\/wp\/v2\/pages\/12"}],"collection":[{"href":"https:\/\/www.rcm-gmbh.de\/index.php?rest_route=\/wp\/v2\/pages"}],"about":[{"href":"https:\/\/www.rcm-gmbh.de\/index.php?rest_route=\/wp\/v2\/types\/page"}],"author":[{"embeddable":true,"href":"https:\/\/www.rcm-gmbh.de\/index.php?rest_route=\/wp\/v2\/users\/1"}],"replies":[{"embeddable":true,"href":"https:\/\/www.rcm-gmbh.de\/index.php?rest_route=%2Fwp%2Fv2%2Fcomments&post=12"}],"version-history":[{"count":4,"href":"https:\/\/www.rcm-gmbh.de\/index.php?rest_route=\/wp\/v2\/pages\/12\/revisions"}],"predecessor-version":[{"id":150,"href":"https:\/\/www.rcm-gmbh.de\/index.php?rest_route=\/wp\/v2\/pages\/12\/revisions\/150"}],"wp:attachment":[{"href":"https:\/\/www.rcm-gmbh.de\/index.php?rest_route=%2Fwp%2Fv2%2Fmedia&parent=12"}],"curies":[{"name":"wp","href":"https:\/\/api.w.org\/{rel}","templated":true}]}}